{"id":20618,"date":"2025-07-21T13:12:51","date_gmt":"2025-07-21T11:12:51","guid":{"rendered":"https:\/\/apppasn.com\/?page_id=20618"},"modified":"2025-07-21T13:27:56","modified_gmt":"2025-07-21T11:27:56","slug":"faire-un-don","status":"publish","type":"page","link":"https:\/\/apppasn.com\/en\/faire-un-don\/","title":{"rendered":"Donate"},"content":{"rendered":"<p><strong>Merci pour votre g\u00e9n\u00e9rosit\u00e9 !<\/strong><br>\ud83d\udcf1 Wave : <strong>78 153 42 42<\/strong><br>\ud83d\udcf1 Orange Money : <strong>78 153 42 42<\/strong><br>Vous pouvez aussi nous contacter sur WhatsApp : <a href=\"https:\/\/wa.me\/221781534242\" target=\"_blank\" rel=\"noreferrer noopener\">Cliquer ici<\/a><\/p>","protected":false},"excerpt":{"rendered":"<p>Merci pour votre g\u00e9n\u00e9rosit\u00e9 !\ud83d\udcf1 Wave : 78 153 42 42\ud83d\udcf1 Orange Money : 78 153 42 42Vous pouvez aussi nous contacter sur WhatsApp : Cliquer ici<\/p>","protected":false},"author":1,"featured_media":0,"parent":0,"menu_order":0,"comment_status":"closed","ping_status":"closed","template":"","meta":{"footnotes":""},"class_list":["post-20618","page","type-page","status-publish","hentry"],"_links":{"self":[{"href":"https:\/\/apppasn.com\/en\/wp-json\/wp\/v2\/pages\/20618","targetHints":{"allow":["GET"]}}],"collection":[{"href":"https:\/\/apppasn.com\/en\/wp-json\/wp\/v2\/pages"}],"about":[{"href":"https:\/\/apppasn.com\/en\/wp-json\/wp\/v2\/types\/page"}],"author":[{"embeddable":true,"href":"https:\/\/apppasn.com\/en\/wp-json\/wp\/v2\/users\/1"}],"replies":[{"embeddable":true,"href":"https:\/\/apppasn.com\/en\/wp-json\/wp\/v2\/comments?post=20618"}],"version-history":[{"count":5,"href":"https:\/\/apppasn.com\/en\/wp-json\/wp\/v2\/pages\/20618\/revisions"}],"predecessor-version":[{"id":20625,"href":"https:\/\/apppasn.com\/en\/wp-json\/wp\/v2\/pages\/20618\/revisions\/20625"}],"wp:attachment":[{"href":"https:\/\/apppasn.com\/en\/wp-json\/wp\/v2\/media?parent=20618"}],"curies":[{"name":"wp","href":"https:\/\/api.w.org\/{rel}","templated":true}]}}