{"id":20380,"date":"2025-07-09T10:59:24","date_gmt":"2025-07-09T08:59:24","guid":{"rendered":"https:\/\/apppasn.com\/?post_type=product&#038;p=20380"},"modified":"2025-07-25T11:41:44","modified_gmt":"2025-07-25T09:41:44","slug":"sacs-banane","status":"publish","type":"product","link":"https:\/\/apppasn.com\/en\/product\/sacs-banane\/","title":{"rendered":"Sacs banane"},"content":{"rendered":"<p>Apportez une touche d\u2019authenticit\u00e9 \u00e0 votre style avec ce <strong data-start=\"263\" data-end=\"314\">sac banane confectionn\u00e9 en pagne tiss\u00e9 africain<\/strong>. Pratique et l\u00e9ger, il est id\u00e9al pour garder vos essentiels \u00e0 port\u00e9e de main tout en affirmant votre identit\u00e9.<\/p>","protected":false},"excerpt":{"rendered":"<p>Apportez une touche d\u2019authenticit\u00e9 \u00e0 votre style avec ce sac banane confectionn\u00e9 en pagne tiss\u00e9 africain. Pratique et l\u00e9ger, il est id\u00e9al pour garder vos essentiels \u00e0 port\u00e9e de main&hellip;<\/p>","protected":false},"featured_media":20252,"template":"","meta":[],"product_brand":[],"product_cat":[204],"product_tag":[],"class_list":{"0":"post-20380","1":"product","2":"type-product","3":"status-publish","4":"has-post-thumbnail","6":"product_cat-sacs-accessoires","8":"first","9":"instock","10":"shipping-taxable","11":"purchasable","12":"product-type-variable"},"_links":{"self":[{"href":"https:\/\/apppasn.com\/en\/wp-json\/wp\/v2\/product\/20380","targetHints":{"allow":["GET"]}}],"collection":[{"href":"https:\/\/apppasn.com\/en\/wp-json\/wp\/v2\/product"}],"about":[{"href":"https:\/\/apppasn.com\/en\/wp-json\/wp\/v2\/types\/product"}],"wp:featuredmedia":[{"embeddable":true,"href":"https:\/\/apppasn.com\/en\/wp-json\/wp\/v2\/media\/20252"}],"wp:attachment":[{"href":"https:\/\/apppasn.com\/en\/wp-json\/wp\/v2\/media?parent=20380"}],"wp:term":[{"taxonomy":"product_brand","embeddable":true,"href":"https:\/\/apppasn.com\/en\/wp-json\/wp\/v2\/product_brand?post=20380"},{"taxonomy":"product_cat","embeddable":true,"href":"https:\/\/apppasn.com\/en\/wp-json\/wp\/v2\/product_cat?post=20380"},{"taxonomy":"product_tag","embeddable":true,"href":"https:\/\/apppasn.com\/en\/wp-json\/wp\/v2\/product_tag?post=20380"}],"curies":[{"name":"wp","href":"https:\/\/api.w.org\/{rel}","templated":true}]}}