{"id":20381,"date":"2025-07-09T11:04:57","date_gmt":"2025-07-09T09:04:57","guid":{"rendered":"https:\/\/apppasn.com\/?post_type=product&#038;p=20381"},"modified":"2025-07-25T11:10:56","modified_gmt":"2025-07-25T09:10:56","slug":"ensemble-drap","status":"publish","type":"product","link":"https:\/\/apppasn.com\/en\/product\/ensemble-drap\/","title":{"rendered":"Ensemble drap"},"content":{"rendered":"<p>Offrez \u00e0 votre lit une touche d&rsquo;\u00e9l\u00e9gance africaine avec cet <strong data-start=\"265\" data-end=\"301\">ensemble de draps en pagne tiss\u00e9<\/strong>, fait main avec soin. Alliant <strong data-start=\"332\" data-end=\"369\">tradition, qualit\u00e9 et raffinement<\/strong>, cet ensemble transforme votre chambre en un espace chaleureux et inspir\u00e9 de nos cultures.<\/p>","protected":false},"excerpt":{"rendered":"<p>Offrez \u00e0 votre lit une touche d&rsquo;\u00e9l\u00e9gance africaine avec cet ensemble de draps en pagne tiss\u00e9, fait main avec soin. Alliant tradition, qualit\u00e9 et raffinement, cet ensemble transforme votre chambre&hellip;<\/p>","protected":false},"featured_media":20255,"template":"","meta":[],"product_brand":[],"product_cat":[219,205],"product_tag":[224,232,233,231,227,223,229,228,225,222,221,234,230,226],"class_list":{"0":"post-20381","1":"product","2":"type-product","3":"status-publish","4":"has-post-thumbnail","6":"product_cat-ensembles-de-draps","7":"product_cat-maison-decoration","8":"product_tag-artisanat-textile","9":"product_tag-chambre-ethnique","10":"product_tag-coton-tisse","11":"product_tag-creation-locale","12":"product_tag-decoration-chambre","13":"product_tag-drap-africain","14":"product_tag-drap-tisse","15":"product_tag-ensemble-drap","16":"product_tag-fait-main","17":"product_tag-linge-de-lit","18":"product_tag-pagne-tisse","19":"product_tag-production-artisanale","20":"product_tag-style-africain","21":"product_tag-tissu-traditionnel","23":"first","24":"instock","25":"shipping-taxable","26":"purchasable","27":"product-type-variable"},"_links":{"self":[{"href":"https:\/\/apppasn.com\/en\/wp-json\/wp\/v2\/product\/20381","targetHints":{"allow":["GET"]}}],"collection":[{"href":"https:\/\/apppasn.com\/en\/wp-json\/wp\/v2\/product"}],"about":[{"href":"https:\/\/apppasn.com\/en\/wp-json\/wp\/v2\/types\/product"}],"wp:featuredmedia":[{"embeddable":true,"href":"https:\/\/apppasn.com\/en\/wp-json\/wp\/v2\/media\/20255"}],"wp:attachment":[{"href":"https:\/\/apppasn.com\/en\/wp-json\/wp\/v2\/media?parent=20381"}],"wp:term":[{"taxonomy":"product_brand","embeddable":true,"href":"https:\/\/apppasn.com\/en\/wp-json\/wp\/v2\/product_brand?post=20381"},{"taxonomy":"product_cat","embeddable":true,"href":"https:\/\/apppasn.com\/en\/wp-json\/wp\/v2\/product_cat?post=20381"},{"taxonomy":"product_tag","embeddable":true,"href":"https:\/\/apppasn.com\/en\/wp-json\/wp\/v2\/product_tag?post=20381"}],"curies":[{"name":"wp","href":"https:\/\/api.w.org\/{rel}","templated":true}]}}