{"id":20383,"date":"2025-07-09T11:20:56","date_gmt":"2025-07-09T09:20:56","guid":{"rendered":"https:\/\/apppasn.com\/?post_type=product&#038;p=20383"},"modified":"2025-07-25T11:06:15","modified_gmt":"2025-07-25T09:06:15","slug":"sac-de-promenade","status":"publish","type":"product","link":"https:\/\/apppasn.com\/en\/product\/sac-de-promenade\/","title":{"rendered":"Sac de promenade"},"content":{"rendered":"<p>Pratique et d\u00e9coratif, ce vide-poche artisanal est parfait pour ranger vos petits objets du quotidien comme les cl\u00e9s, les pi\u00e8ces, ou les accessoires. F<\/p>","protected":false},"excerpt":{"rendered":"<p>Pratique et d\u00e9coratif, ce vide-poche artisanal est parfait pour ranger vos petits objets du quotidien comme les cl\u00e9s, les pi\u00e8ces, ou les accessoires. F<\/p>","protected":false},"featured_media":20251,"template":"","meta":[],"product_brand":[],"product_cat":[206],"product_tag":[255,256,225,221,254,253,230,257],"class_list":{"0":"post-20383","1":"product","2":"type-product","3":"status-publish","4":"has-post-thumbnail","6":"product_cat-nouveautes","7":"product_tag-accessoire","8":"product_tag-artisanal","9":"product_tag-fait-main","10":"product_tag-pagne-tisse","11":"product_tag-promenade","12":"product_tag-sac","13":"product_tag-style-africain","14":"product_tag-tissu-africain","16":"first","17":"instock","18":"shipping-taxable","19":"purchasable","20":"product-type-variable"},"_links":{"self":[{"href":"https:\/\/apppasn.com\/en\/wp-json\/wp\/v2\/product\/20383","targetHints":{"allow":["GET"]}}],"collection":[{"href":"https:\/\/apppasn.com\/en\/wp-json\/wp\/v2\/product"}],"about":[{"href":"https:\/\/apppasn.com\/en\/wp-json\/wp\/v2\/types\/product"}],"wp:featuredmedia":[{"embeddable":true,"href":"https:\/\/apppasn.com\/en\/wp-json\/wp\/v2\/media\/20251"}],"wp:attachment":[{"href":"https:\/\/apppasn.com\/en\/wp-json\/wp\/v2\/media?parent=20383"}],"wp:term":[{"taxonomy":"product_brand","embeddable":true,"href":"https:\/\/apppasn.com\/en\/wp-json\/wp\/v2\/product_brand?post=20383"},{"taxonomy":"product_cat","embeddable":true,"href":"https:\/\/apppasn.com\/en\/wp-json\/wp\/v2\/product_cat?post=20383"},{"taxonomy":"product_tag","embeddable":true,"href":"https:\/\/apppasn.com\/en\/wp-json\/wp\/v2\/product_tag?post=20383"}],"curies":[{"name":"wp","href":"https:\/\/api.w.org\/{rel}","templated":true}]}}