{"id":20386,"date":"2025-07-09T11:43:27","date_gmt":"2025-07-09T09:43:27","guid":{"rendered":"https:\/\/apppasn.com\/?post_type=product&#038;p=20386"},"modified":"2025-07-25T11:00:35","modified_gmt":"2025-07-25T09:00:35","slug":"ensemble-layus-decoratif","status":"publish","type":"product","link":"https:\/\/apppasn.com\/en\/product\/ensemble-layus-decoratif\/","title":{"rendered":"Ensemble layus decoratif"},"content":{"rendered":"<p>Ensemble de layus d\u00e9coratifs en pagne tiss\u00e9, parfait pour sublimer vos tables, canap\u00e9s ou buffets avec \u00e9l\u00e9gance et tradition africaine.<\/p>","protected":false},"excerpt":{"rendered":"<p>Ensemble de layus d\u00e9coratifs en pagne tiss\u00e9, parfait pour sublimer vos tables, canap\u00e9s ou buffets avec \u00e9l\u00e9gance et tradition africaine.<\/p>","protected":false},"featured_media":20246,"template":"","meta":[],"product_brand":[],"product_cat":[220,205],"product_tag":[256,259,225,258,260,221,230,261],"class_list":{"0":"post-20386","1":"product","2":"type-product","3":"status-publish","4":"has-post-thumbnail","6":"product_cat-ensembles-de-layus-decoratifs","7":"product_cat-maison-decoration","8":"product_tag-artisanal","9":"product_tag-decoration","10":"product_tag-fait-main","11":"product_tag-layus","12":"product_tag-linge-de-maison","13":"product_tag-pagne-tisse","14":"product_tag-style-africain","15":"product_tag-textile-africain","17":"first","18":"instock","19":"shipping-taxable","20":"purchasable","21":"product-type-variable"},"_links":{"self":[{"href":"https:\/\/apppasn.com\/en\/wp-json\/wp\/v2\/product\/20386","targetHints":{"allow":["GET"]}}],"collection":[{"href":"https:\/\/apppasn.com\/en\/wp-json\/wp\/v2\/product"}],"about":[{"href":"https:\/\/apppasn.com\/en\/wp-json\/wp\/v2\/types\/product"}],"wp:featuredmedia":[{"embeddable":true,"href":"https:\/\/apppasn.com\/en\/wp-json\/wp\/v2\/media\/20246"}],"wp:attachment":[{"href":"https:\/\/apppasn.com\/en\/wp-json\/wp\/v2\/media?parent=20386"}],"wp:term":[{"taxonomy":"product_brand","embeddable":true,"href":"https:\/\/apppasn.com\/en\/wp-json\/wp\/v2\/product_brand?post=20386"},{"taxonomy":"product_cat","embeddable":true,"href":"https:\/\/apppasn.com\/en\/wp-json\/wp\/v2\/product_cat?post=20386"},{"taxonomy":"product_tag","embeddable":true,"href":"https:\/\/apppasn.com\/en\/wp-json\/wp\/v2\/product_tag?post=20386"}],"curies":[{"name":"wp","href":"https:\/\/api.w.org\/{rel}","templated":true}]}}