{"id":20739,"date":"2025-07-25T11:17:59","date_gmt":"2025-07-25T09:17:59","guid":{"rendered":"https:\/\/apppasn.com\/?post_type=product&#038;p=20739"},"modified":"2025-07-25T16:41:13","modified_gmt":"2025-07-25T14:41:13","slug":"trousse-de-maquillage-en-rafia-et-pagne-tisse","status":"publish","type":"product","link":"https:\/\/apppasn.com\/en\/product\/trousse-de-maquillage-en-rafia-et-pagne-tisse\/","title":{"rendered":"Trousse de maquillage en rafia et pagne tisse"},"content":{"rendered":"<p>Trousse de maquillage en pagne tiss\u00e9 africain, pratique et \u00e9l\u00e9gante. Id\u00e9ale pour ranger vos essentiels de beaut\u00e9 au quotidien.<\/p>","protected":false},"excerpt":{"rendered":"<p>Trousse de maquillage en pagne tiss\u00e9 africain, pratique et \u00e9l\u00e9gante. Id\u00e9ale pour ranger vos essentiels de beaut\u00e9 au quotidien.<\/p>","protected":false},"featured_media":20241,"template":"","meta":[],"product_brand":[],"product_cat":[204],"product_tag":[247,248,251,225,249,226,250,252],"class_list":{"0":"post-20739","1":"product","2":"type-product","3":"status-publish","4":"has-post-thumbnail","6":"product_cat-sacs-accessoires","7":"product_tag-accessoire-femme","8":"product_tag-beaute-africaine","9":"product_tag-design-africain","10":"product_tag-fait-main","11":"product_tag-rangement-pratique","12":"product_tag-tissu-traditionnel","13":"product_tag-trousse-coloree","14":"product_tag-trousse-de-maquillage","16":"first","17":"instock","18":"shipping-taxable","19":"purchasable","20":"product-type-variable"},"_links":{"self":[{"href":"https:\/\/apppasn.com\/en\/wp-json\/wp\/v2\/product\/20739","targetHints":{"allow":["GET"]}}],"collection":[{"href":"https:\/\/apppasn.com\/en\/wp-json\/wp\/v2\/product"}],"about":[{"href":"https:\/\/apppasn.com\/en\/wp-json\/wp\/v2\/types\/product"}],"wp:featuredmedia":[{"embeddable":true,"href":"https:\/\/apppasn.com\/en\/wp-json\/wp\/v2\/media\/20241"}],"wp:attachment":[{"href":"https:\/\/apppasn.com\/en\/wp-json\/wp\/v2\/media?parent=20739"}],"wp:term":[{"taxonomy":"product_brand","embeddable":true,"href":"https:\/\/apppasn.com\/en\/wp-json\/wp\/v2\/product_brand?post=20739"},{"taxonomy":"product_cat","embeddable":true,"href":"https:\/\/apppasn.com\/en\/wp-json\/wp\/v2\/product_cat?post=20739"},{"taxonomy":"product_tag","embeddable":true,"href":"https:\/\/apppasn.com\/en\/wp-json\/wp\/v2\/product_tag?post=20739"}],"curies":[{"name":"wp","href":"https:\/\/api.w.org\/{rel}","templated":true}]}}